{"id":330,"date":"2015-01-23T08:24:45","date_gmt":"2015-01-23T08:24:45","guid":{"rendered":"http:\/\/grundschule-feucht.de\/?page_id=330"},"modified":"2025-01-30T06:58:18","modified_gmt":"2025-01-30T06:58:18","slug":"jugendsozialarbeit-an-schulen","status":"publish","type":"page","link":"https:\/\/grundschule-feucht.de\/?page_id=330","title":{"rendered":"Jugendsozialarbeit an Schulen"},"content":{"rendered":"\n<figure class=\"wp-block-image size-full is-resized\"><a href=\"https:\/\/grundschule-feucht.de\/wp-content\/uploads\/2015\/01\/JaS-Logo.jpg\"><img loading=\"lazy\" decoding=\"async\" width=\"180\" height=\"120\" src=\"https:\/\/grundschule-feucht.de\/wp-content\/uploads\/2015\/01\/JaS-Logo.jpg\" alt=\"\" class=\"wp-image-334\" style=\"width:321px;height:auto\"\/><\/a><\/figure>\n\n\n\n<p><a href=\"https:\/\/grundschule-feucht.de\/wp-content\/uploads\/2015\/01\/JaS-Logo.jpg\"><\/a><\/p>\n\n\n\n<p>Jugendsozialarbeit an Schulen (JaS)&nbsp; &#8211; Grundschule Feucht<\/p>\n\n\n\n<p>Oft f\u00fchlen sich Kinder und Jugendliche mit bestimmten Situationen \u00fcberfordert oder mit ihren Problemen und Sorgen alleine gelassen. Dann bietet die Jugendsozialarbeit an Schulen (JaS) Hilfestellung an. JaS richtet sich jedoch nicht nur an Sch\u00fcler, sondern auch an ihre Familie und Lehrer.<\/p>\n\n\n\n<p><strong>Liebe Sch\u00fcler, liebe Eltern und Erziehungsberichtigte,<\/strong><\/p>\n\n\n\n<p>unsere Namen sind Annemarie Hummel-Schart und Caroline Thielen (Diplom Sozialp\u00e4dagogin und Bachelor Allgemeine P\u00e4dagogik). Wir sind seit 2015 und 2024 als Jugendsozialarbeiter an Ihrer Schule t\u00e4tig.<\/p>\n\n\n\n<p><strong><u>Was ist JaS?<br><\/u><\/strong>JaS ist ein Angebot der Jugendhilfe zur Beratung und Unterst\u00fctzung f\u00fcr Sch\u00fcler, Eltern und Lehrer und bildet eine Br\u00fccke zwischen Schule \u2013 Familie \u2013 Jugendhilfe. JaS berat, unterst\u00fctzt und begleitet.<\/p>\n\n\n\n<p><strong><u>F\u00fcr wen kann JaS Ansprechpartner sein?<\/u><\/strong><\/p>\n\n\n\n<ul class=\"wp-block-list\">\n<li>F\u00fcr Sch\u00fclerinnen und Sch\u00fcler\n<ul class=\"wp-block-list\">\n<li>Bei Kummer oder Streit mit Freundinnen, Freunden , in der Klasse,\u2026<\/li>\n\n\n\n<li>Bei Kummer oder Streit zu Hause, mit den Eltern, den Geschwistern (Trennung der Eltern, Krankheit, \u2026)<\/li>\n\n\n\n<li>Bei Schwierigkeiten in der Schule, Angst vor schlechten Noten\u2026<\/li>\n<\/ul>\n<\/li>\n\n\n\n<li>F\u00fcr Eltern und Erziehungsberechtigte\n<ul class=\"wp-block-list\">\n<li>Bei Problemen im Schulalltag (Selbstorganisation, Lernmotivation, Schulunlust,\u2026)<\/li>\n\n\n\n<li>Bei Kummer im Alltag (vorpubert\u00e4res Verhalten, Aggressivit\u00e4t, Verhaltens\u00e4nderung,\u2026)<\/li>\n\n\n\n<li>Bei Bedenken im Sozialverhalten des Kindes (zu wenig Freunde, R\u00fcckzug, Distanzlosigkeit,\u2026)<\/li>\n\n\n\n<li>Bei Umgang mit Medien (Sicherheit im Internet, Nutzung von Handys und Apps,\u2026)<\/li>\n<\/ul>\n<\/li>\n\n\n\n<li>F\u00fcr Lehrer und Schulpersonal\n<ul class=\"wp-block-list\">\n<li>Bei Konflikten in der Klasse<\/li>\n\n\n\n<li>Bei Sorgen \u00fcber einzelne Sch\u00fcler<\/li>\n\n\n\n<li>Bei ungewohnten Verhaltens\u00e4nderungen von Sch\u00fclern<\/li>\n\n\n\n<li>In Krisensituationen<\/li>\n\n\n\n<li>Zur Unterst\u00fctzung bei sozialen Projekten<\/li>\n<\/ul>\n<\/li>\n<\/ul>\n\n\n\n<p><strong><u>Wie sieht die Arbeit von JaS aus?<\/u><\/strong><\/p>\n\n\n\n<ul class=\"wp-block-list\">\n<li>Einzelfallhilfe: In Einzel- oder Gruppengespr\u00e4chen werden gemeinsam L\u00f6sungswege erarbeitet<\/li>\n\n\n\n<li>Training in Kleingruppen\/Arbeit mit Klassen: In kleinen Gruppen oder in der Klasse werden Themen der Sozialen Kompetenz (Konfliktl\u00f6sung, Kommunikation, Miteinander,\u2026) und der Pr\u00e4vention (Gewalt, Mobbing, Gesundheit, \u2026) altersgerecht erarbeitet und einge\u00fcbt.<\/li>\n\n\n\n<li>Projekte: Je nach Bedarf gibt es verschiedene Projekte, die von JaS oder mit einem Kooperationspartner angeboten werden.<\/li>\n\n\n\n<li>Elternarbeit: Bei Erziehungsfragen oder Problemen in der Familie hilft JaS mit Unterst\u00fctzung und Vermittlung an weiterhelfende Einrichtungen<\/li>\n\n\n\n<li>Netzwerkarbeit und Koordinierung: Die Vernetzung mit anderen Institutionen und Einrichtungen ist wichtig, um bei Bedarf zielgerichtet weitere Angebote der Jugendhilfe oder der Beratungsstellen im Landkreis zu vermitteln.<\/li>\n<\/ul>\n\n\n\n<p><strong><u>So sind wir an der Schule zu erreichen:<\/u><\/strong><\/p>\n\n\n\n<p>Annemarie Hummel-Schart<br>Diplom Sozialp\u00e4dagogin (FH)<br>Telefon : 0173 2755740<br>Email: <a href=\"mailto:jas@grundschule-feucht.de\">jas@grundschule-feucht.de<\/a><br>Sprechzeiten: Montag bis Freitag von 8.00 Uhr bis 12.00 Uhr<br>Zimmer E 014<\/p>\n\n\n\n<p><\/p>\n\n\n\n<p>Caroline Thielen<br>Allgemeine P\u00e4dagogik (B.A.)<br>Telefon : 0173 328 52 74<br>Email: <a href=\"mailto:jas@grundschule-feucht.de\">caroline.thielen@grundschule-feucht.de<\/a><br>Sprechzeiten: Montag bis Freitag von 8.30 Uhr bis 12.00 Uhr<br>Zimmer K 012<\/p>\n\n\n\n<p><\/p>\n\n\n\n<p>Anderweitige Terminvereinbarungen sind nach Absprache m\u00f6glich.<\/p>\n\n\n\n<p><strong>Alle Gespr\u00e4che unterliegen der Schweigepflicht!<\/strong><\/p>\n\n\n\n<p>Weitere Infos zu JaS:<br><a href=\"https:\/\/www.stmas.bayern.de\/jugendsozialarbeit\/jas\/index.php\">https:\/\/www.stmas.bayern.de\/jugendsozialarbeit\/jas\/index.php<\/a><\/p>\n\n\n\n<p><a href=\"https:\/\/grundschule-feucht.de\/wp-content\/uploads\/2019\/09\/Flyer-Jugendsozialarbeit-an-Schulen-20171218.pdf\">Flyer Jugendsozialarbeit an Schulen<\/a><\/p>\n\n\n\n<p><a href=\"https:\/\/grundschule-feucht.de\/wp-content\/uploads\/2021\/10\/Hinweis_zum-_Datenschutz_JaS.pdf\">Hinweise zum Datenschutz JaS<\/a><\/p>\n\n\n\n<p><\/p>\n","protected":false},"excerpt":{"rendered":"<p>Jugendsozialarbeit an Schulen (JaS)&nbsp; &#8211; Grundschule Feucht Oft f\u00fchlen sich Kinder und Jugendliche mit bestimmten Situationen \u00fcberfordert oder mit ihren Problemen und Sorgen alleine gelassen. Dann bietet die Jugendsozialarbeit an Schulen (JaS) Hilfestellung an. JaS richtet sich jedoch nicht nur an Sch\u00fcler, sondern auch an ihre Familie und Lehrer. Liebe Sch\u00fcler, liebe Eltern und Erziehungsberichtigte, &hellip; <a href=\"https:\/\/grundschule-feucht.de\/?page_id=330\" class=\"more-link\"><span class=\"screen-reader-text\">Jugendsozialarbeit an Schulen<\/span> weiterlesen<\/a><\/p>\n","protected":false},"author":4,"featured_media":0,"parent":0,"menu_order":0,"comment_status":"closed","ping_status":"closed","template":"","meta":{"footnotes":""},"class_list":["post-330","page","type-page","status-publish","hentry"],"_links":{"self":[{"href":"https:\/\/grundschule-feucht.de\/index.php?rest_route=\/wp\/v2\/pages\/330","targetHints":{"allow":["GET"]}}],"collection":[{"href":"https:\/\/grundschule-feucht.de\/index.php?rest_route=\/wp\/v2\/pages"}],"about":[{"href":"https:\/\/grundschule-feucht.de\/index.php?rest_route=\/wp\/v2\/types\/page"}],"author":[{"embeddable":true,"href":"https:\/\/grundschule-feucht.de\/index.php?rest_route=\/wp\/v2\/users\/4"}],"replies":[{"embeddable":true,"href":"https:\/\/grundschule-feucht.de\/index.php?rest_route=%2Fwp%2Fv2%2Fcomments&post=330"}],"version-history":[{"count":30,"href":"https:\/\/grundschule-feucht.de\/index.php?rest_route=\/wp\/v2\/pages\/330\/revisions"}],"predecessor-version":[{"id":1645,"href":"https:\/\/grundschule-feucht.de\/index.php?rest_route=\/wp\/v2\/pages\/330\/revisions\/1645"}],"wp:attachment":[{"href":"https:\/\/grundschule-feucht.de\/index.php?rest_route=%2Fwp%2Fv2%2Fmedia&parent=330"}],"curies":[{"name":"wp","href":"https:\/\/api.w.org\/{rel}","templated":true}]}}