{"id":67,"date":"2014-01-21T09:15:50","date_gmt":"2014-01-21T09:15:50","guid":{"rendered":"http:\/\/grundschule-feucht.de\/?page_id=67"},"modified":"2017-11-11T13:53:01","modified_gmt":"2017-11-11T13:53:01","slug":"lesefoerderung","status":"publish","type":"page","link":"https:\/\/grundschule-feucht.de\/?page_id=67","title":{"rendered":"Lesef\u00f6rderung"},"content":{"rendered":"<h2 style=\"text-align: left;\">Lesef\u00f6rderung ist eines unserer zentralen Anliegen.<\/h2>\n<p>Eine der wichtigsten Aufgaben, die die Schule zu vermitteln hat, ist das Lesen. Es schafft die Grundlage, um berufliche \u00a0Ziele und W\u00fcnsche zu erreichen und um sich aktiv am gesellschaftlichen Leben zu beteiligen.<\/p>\n<p>Die Sch\u00fcler werden in der Grundschule Feucht auf vielf\u00e4ltigste Weisen an der Schule im Lesen gef\u00f6rdert.<\/p>\n<p>Einige Ma\u00dfnahmen sind:<\/p>\n<p><strong>Lesezimmer:<\/strong>\u00a0 Im Lesezimmer ist ungest\u00f6rtes &#8222;Schm\u00f6kern&#8220; m\u00f6glich.<\/p>\n<p><strong>Antolin:<\/strong>\u00a0 Welche Wege gibt es, das Lesen bei Kindern und Jugendlichen wieder zu einer Leidenschaft zu machen? Gute<br \/>\nErfolge hat das Internetprogramm \u201cAntolin zu verzeichnen. Es motiviert\u00a0 Sch\u00fclerinnen und Sch\u00fcler nachhaltig zum Lesen. Und \u00a0das<br \/>\nfunktioniert so: Ein Kind liest ein Buch und beantwortet anschlie\u00dfend im\u00a0 Internet dazu Fragen. F\u00fcr jede richtige \u00a0Antwort<br \/>\nbekommt es auf einem pers\u00f6nlichen Lesekonto Punkte gutgeschrieben. Die Internetadresse dieses \u00a0Programmes<br \/>\nlautet: <a href=\"http:\/\/www.antolin.de\/\">www.antolin.de<\/a>\u00a0\u00a0 Auch unsere Schule beteiligt sich an diesem Programm und sammelt viele Punkte zum Wohle der Kinder. Die Teilnahme \u00a0am\u00a0 Antolin-Programm ist f\u00fcr die Kinder unserer Schule kostenfrei, da der Markt Feucht die Kosten \u00fcbernommen \u00a0hat.<\/p>\n","protected":false},"excerpt":{"rendered":"<p>Lesef\u00f6rderung ist eines unserer zentralen Anliegen. Eine der wichtigsten Aufgaben, die die Schule zu vermitteln hat, ist das Lesen. Es schafft die Grundlage, um berufliche \u00a0Ziele und W\u00fcnsche zu erreichen und um sich aktiv am gesellschaftlichen Leben zu beteiligen. Die Sch\u00fcler werden in der Grundschule Feucht auf vielf\u00e4ltigste Weisen an der Schule im Lesen gef\u00f6rdert. &hellip; <a href=\"https:\/\/grundschule-feucht.de\/?page_id=67\" class=\"more-link\"><span class=\"screen-reader-text\">Lesef\u00f6rderung<\/span> weiterlesen<\/a><\/p>\n","protected":false},"author":4,"featured_media":0,"parent":0,"menu_order":0,"comment_status":"closed","ping_status":"closed","template":"","meta":{"footnotes":""},"class_list":["post-67","page","type-page","status-publish","hentry"],"_links":{"self":[{"href":"https:\/\/grundschule-feucht.de\/index.php?rest_route=\/wp\/v2\/pages\/67","targetHints":{"allow":["GET"]}}],"collection":[{"href":"https:\/\/grundschule-feucht.de\/index.php?rest_route=\/wp\/v2\/pages"}],"about":[{"href":"https:\/\/grundschule-feucht.de\/index.php?rest_route=\/wp\/v2\/types\/page"}],"author":[{"embeddable":true,"href":"https:\/\/grundschule-feucht.de\/index.php?rest_route=\/wp\/v2\/users\/4"}],"replies":[{"embeddable":true,"href":"https:\/\/grundschule-feucht.de\/index.php?rest_route=%2Fwp%2Fv2%2Fcomments&post=67"}],"version-history":[{"count":15,"href":"https:\/\/grundschule-feucht.de\/index.php?rest_route=\/wp\/v2\/pages\/67\/revisions"}],"predecessor-version":[{"id":547,"href":"https:\/\/grundschule-feucht.de\/index.php?rest_route=\/wp\/v2\/pages\/67\/revisions\/547"}],"wp:attachment":[{"href":"https:\/\/grundschule-feucht.de\/index.php?rest_route=%2Fwp%2Fv2%2Fmedia&parent=67"}],"curies":[{"name":"wp","href":"https:\/\/api.w.org\/{rel}","templated":true}]}}