{"id":697,"date":"2019-12-06T10:03:18","date_gmt":"2019-12-06T10:03:18","guid":{"rendered":"http:\/\/grundschule-feucht.de\/?page_id=697"},"modified":"2024-05-03T09:58:46","modified_gmt":"2024-05-03T09:58:46","slug":"anlaufstelle-psy-erkrankungen","status":"publish","type":"page","link":"https:\/\/grundschule-feucht.de\/?page_id=697","title":{"rendered":"Anlaufstelle psy. Erkrankungen"},"content":{"rendered":"\n<p><strong>Anlaufstellen Depression  <\/strong><br><strong>A) JAS; Jugendsozialarbeit<\/strong>; Frau Annemarie Hummel-Schart (Dipl. Sozialp\u00e4dagogin), a.hummel-schart@grundschule-feucht.de Tel. Nr.: 0173-2755740 <br><br><strong>B) Beratungslehrerin: <\/strong>Frau Sabine Aumer, sabine.aumer@schulen-nl.de <br><br><br><strong>C) SchulpsychologIn:<\/strong> Frau Susanne Berneth, Email: susanne.berneth@schulen-nl.de<\/p>\n\n\n\n<p><br><br><strong><a href=\"https:\/\/www.km.bayern.de\/ministerium\/institutionen\/schulberatung\/mittelfranken.html\">D) Staatliche Schulberatungsstelle f\u00fcr Mittelfranken <\/a><\/strong>  <\/p>\n\n\n\n<p><a href=\"https:\/\/caritas-nuernberger-land.de\/kinder-jugend-und-familie\/erziehungs--und-jugendberatungsstelle\"><strong>E) E<\/strong>https:\/\/caritas-nuernberger-land.de\/kinder-jugend-und-familie\/erziehungs&#8211;und-jugendberatungsstellerziehungs- und Jugendberatungsstellen Caritas<\/a><strong> <\/strong> <br>\u2022 Hauptstelle Lauf, Weigmannstr. 52, 91207 Lauf, Tel. 09123\/13838 <br>\u2022 Nebenstelle Altdorf, Treuturmgasse 2, 90518 Altdorf, Tel. 09187\/1737 <br>\u2022 Au\u00dfenstelle Hersbruck, Nikolaus-Selnecker-Platz 2, 91217 Hersbruck, Anmeldung \u00fcber Hauptstelle in Lauf <\/p>\n\n\n\n<p><strong>F) Kinder\u00e4rzte und Fach\u00e4rzte f\u00fcr Kinder- und Jugendpsychiatrie <\/strong><\/p>\n\n\n\n<p><strong>G) Psychologische Psychotherapeuten <\/strong><br>Therapeutensuche unter <br>o https:\/\/www.kvb.de\/service\/patienten\/psychotherapeutische-versorgung\/ <br>o https:\/\/www.ptk-bayern.de\/ptk\/web.nsf\/formular?openForm&amp;formular=depsychotherapeutensuche <\/p>\n\n\n\n<p><strong>H) Kliniken  <\/strong><br>\u2022 Klinikum Nord der Stadt N\u00fcrnberg: Ambulanz der Kinder- &amp; Jugendpsychiatrie, Prof.-Ernst-Nathan-Str. 1, 90419 N\u00fcrnberg, Tel. 0911\/ 398-2800 <br>\u2022 Allgemeine P\u00e4diatrie und Psychosomatische Station f\u00fcr Kinder &amp; Jugendlich. Klinikum N\u00fcrnberg S\u00fcd, Tel. 0911\/ 398-2217-5046 <br>\u2022 Klinik f\u00fcr Psychosomatische Medizin und Psychotherapie N\u00fcrnberg. Universit\u00e4tsklinik der Paracelsus medizinischen Privatuniversit\u00e4t, Professor-Ernst-Nathan-Str. 1, 90419 N\u00fcrnberg, Tel. 0911\/ 398-7390 <br>\u2022 Klinik f\u00fcr Psychiatrie und Psychotherapie. Universit\u00e4tsklinik der Paracelsus Medizinischen, Privatuniversit\u00e4t, Notfallambulanz, Professor-Ernst-Nathan-Str. 1, 90419 N\u00fcrnberg, Tel. 0911\/ 398-2493 <br>\u2022 Universit\u00e4tsklinikum Erlangen: Kinder- und Jugendpsychiatrie, Schwabach Anlage 6 und 10, 91054 Erlangen, Tel. 09131\/ 85-39123 <br>\u2022 dgvtA Institutsambulanz Erlangen,  N\u00e4gelsbacherstra\u00dfe. 49c, 91052 Erlangen, Tel. 09131\/ 9236277 <br>\u2022 Tagesklinik f\u00fcr Kinder- und Jugendpsychiatrie, Jakob-Henle-Stra\u00dfe 1, 90766 F\u00fcrth,  Tel. 0911\/ 7580-3225 <\/p>\n\n\n\n<p><strong>I) Krisendienst Mittelfranken<\/strong> \u2013 Hilfe f\u00fcr Menschen in seelischen Notlagen (www.krisendienst-mittelfranken.de\/), Tel. 0911\/4248550  <\/p>\n\n\n\n<p><strong>J) Bayernweite Angebote<\/strong> <br>\u2022 Telefonseelsorge (www.telefonseelsorge.de), Tel. 0800\/1110111 oder 0800\/1110222 (kostenfrei, rund um die Uhr) <br>\u2022 Deutsche Depressionshilfe (www.deutsche-depressionshilfe.de), Tel. 0800\/3344533 (kostenfrei, Mi\/Fr 8.30 Uhr &#8211; 12.30 Uhr und 13.00 Uhr \u2013 17.00 Uhr) <br>\u2022 NummerGegenKummer (www.nummergegenkummer.de), Kinder und Jugendtelefon, Tel. 116111 (konstenfrei, Mo-Sa von 14.00 Uhr -20.00 Uhr)  <br>\u2022 NummerGegenKummer, Elterntelefon, Tel. 0800-1110550 (konstenfrei Mo-Fr 9.00 Uhr \u2013 11.00 Uhr, Di\/Do 17.00 Uhr \u2013 19.00 Uhr) <\/p>\n\n\n\n<p><strong>K) Online-Angebote<\/strong>  <br>\u2022 Beratungsangebot f\u00fcr Jugendliche und Eltern der Bundeskonferenz f\u00fcr Erziehungsberatung (www.bke-beratung.de) <br>\u2022 FIDEO &#8211; Fighting Depression Online (www.fideo.de) <br>\u2022 B\u00fcndnis gegen Depression (www.buendsnis-depression.de) <br>\u2022 Youth-life-line (www.youth-life-line)  <\/p>\n","protected":false},"excerpt":{"rendered":"<p>Anlaufstellen Depression A) JAS; Jugendsozialarbeit; Frau Annemarie Hummel-Schart (Dipl. Sozialp\u00e4dagogin), a.hummel-schart@grundschule-feucht.de Tel. Nr.: 0173-2755740 B) Beratungslehrerin: Frau Sabine Aumer, sabine.aumer@schulen-nl.de C) SchulpsychologIn: Frau Susanne Berneth, Email: susanne.berneth@schulen-nl.de D) Staatliche Schulberatungsstelle f\u00fcr Mittelfranken E) Ehttps:\/\/caritas-nuernberger-land.de\/kinder-jugend-und-familie\/erziehungs&#8211;und-jugendberatungsstellerziehungs- und Jugendberatungsstellen Caritas \u2022 Hauptstelle Lauf, Weigmannstr. 52, 91207 Lauf, Tel. 09123\/13838 \u2022 Nebenstelle Altdorf, Treuturmgasse 2, 90518 Altdorf, Tel. 09187\/1737 &hellip; <a href=\"https:\/\/grundschule-feucht.de\/?page_id=697\" class=\"more-link\"><span class=\"screen-reader-text\">Anlaufstelle psy. Erkrankungen<\/span> weiterlesen<\/a><\/p>\n","protected":false},"author":4,"featured_media":0,"parent":0,"menu_order":0,"comment_status":"closed","ping_status":"closed","template":"","meta":{"footnotes":""},"class_list":["post-697","page","type-page","status-publish","hentry"],"_links":{"self":[{"href":"https:\/\/grundschule-feucht.de\/index.php?rest_route=\/wp\/v2\/pages\/697","targetHints":{"allow":["GET"]}}],"collection":[{"href":"https:\/\/grundschule-feucht.de\/index.php?rest_route=\/wp\/v2\/pages"}],"about":[{"href":"https:\/\/grundschule-feucht.de\/index.php?rest_route=\/wp\/v2\/types\/page"}],"author":[{"embeddable":true,"href":"https:\/\/grundschule-feucht.de\/index.php?rest_route=\/wp\/v2\/users\/4"}],"replies":[{"embeddable":true,"href":"https:\/\/grundschule-feucht.de\/index.php?rest_route=%2Fwp%2Fv2%2Fcomments&post=697"}],"version-history":[{"count":4,"href":"https:\/\/grundschule-feucht.de\/index.php?rest_route=\/wp\/v2\/pages\/697\/revisions"}],"predecessor-version":[{"id":1584,"href":"https:\/\/grundschule-feucht.de\/index.php?rest_route=\/wp\/v2\/pages\/697\/revisions\/1584"}],"wp:attachment":[{"href":"https:\/\/grundschule-feucht.de\/index.php?rest_route=%2Fwp%2Fv2%2Fmedia&parent=697"}],"curies":[{"name":"wp","href":"https:\/\/api.w.org\/{rel}","templated":true}]}}