{"id":73,"date":"2014-01-21T09:16:28","date_gmt":"2014-01-21T09:16:28","guid":{"rendered":"http:\/\/grundschule-feucht.de\/?page_id=73"},"modified":"2021-12-02T16:11:10","modified_gmt":"2021-12-02T16:11:10","slug":"lernwerkstatt-motopaedagogik","status":"publish","type":"page","link":"https:\/\/grundschule-feucht.de\/?page_id=73","title":{"rendered":"Lernwerkstatt Motop\u00e4dagogik"},"content":{"rendered":"\n\n\n<figure class=\"wp-block-image size-full\"><a href=\"https:\/\/grundschule-feucht.de\/wp-content\/uploads\/2021\/12\/text-und-bild.jpg\"><img loading=\"lazy\" decoding=\"async\" width=\"714\" height=\"307\" src=\"https:\/\/grundschule-feucht.de\/wp-content\/uploads\/2021\/12\/text-und-bild.jpg\" alt=\"\" class=\"wp-image-1315\" srcset=\"https:\/\/grundschule-feucht.de\/wp-content\/uploads\/2021\/12\/text-und-bild.jpg 714w, https:\/\/grundschule-feucht.de\/wp-content\/uploads\/2021\/12\/text-und-bild-300x129.jpg 300w\" sizes=\"auto, (max-width: 714px) 100vw, 714px\" \/><\/a><\/figure>\n\n\n\n<p>Die Einheit seelischer und k\u00f6rperlicher Vorg\u00e4nge in der Bewegung, Wahrnehmungsf\u00f6rderung, F\u00f6rderung der Orientierungsf\u00e4higkeit und des Gleichgewichtssinns pr\u00e4gen die Psychomotorik.<\/p>\n\n\n\n<p><br>Die Kinder lernen verschiedene Materialien kennen, k\u00f6nnen diese erleben, erforschen und damit experimentieren. Die unterschiedlichen, phantasievollen Aufbauten haben einen hohen Aufforderungscharakter.<\/p>\n\n\n\n<figure class=\"wp-block-gallery columns-3 is-cropped wp-block-gallery-1 is-layout-flex wp-block-gallery-is-layout-flex\"><ul class=\"blocks-gallery-grid\"><li class=\"blocks-gallery-item\"><figure><a href=\"https:\/\/grundschule-feucht.de\/wp-content\/uploads\/2021\/12\/04.jpg\"><img loading=\"lazy\" decoding=\"async\" width=\"596\" height=\"406\" src=\"https:\/\/grundschule-feucht.de\/wp-content\/uploads\/2021\/12\/04.jpg\" alt=\"\" data-id=\"1317\" data-full-url=\"https:\/\/grundschule-feucht.de\/wp-content\/uploads\/2021\/12\/04.jpg\" data-link=\"https:\/\/grundschule-feucht.de\/?attachment_id=1317\" class=\"wp-image-1317\" srcset=\"https:\/\/grundschule-feucht.de\/wp-content\/uploads\/2021\/12\/04.jpg 596w, https:\/\/grundschule-feucht.de\/wp-content\/uploads\/2021\/12\/04-300x204.jpg 300w\" sizes=\"auto, (max-width: 596px) 100vw, 596px\" \/><\/a><\/figure><\/li><li class=\"blocks-gallery-item\"><figure><a href=\"https:\/\/grundschule-feucht.de\/wp-content\/uploads\/2021\/12\/03.jpg\"><img loading=\"lazy\" decoding=\"async\" width=\"591\" height=\"333\" src=\"https:\/\/grundschule-feucht.de\/wp-content\/uploads\/2021\/12\/03.jpg\" alt=\"\" data-id=\"1316\" data-full-url=\"https:\/\/grundschule-feucht.de\/wp-content\/uploads\/2021\/12\/03.jpg\" data-link=\"https:\/\/grundschule-feucht.de\/?attachment_id=1316\" class=\"wp-image-1316\" srcset=\"https:\/\/grundschule-feucht.de\/wp-content\/uploads\/2021\/12\/03.jpg 591w, https:\/\/grundschule-feucht.de\/wp-content\/uploads\/2021\/12\/03-300x169.jpg 300w\" sizes=\"auto, (max-width: 591px) 100vw, 591px\" \/><\/a><\/figure><\/li><li class=\"blocks-gallery-item\"><figure><a href=\"https:\/\/grundschule-feucht.de\/wp-content\/uploads\/2021\/12\/01.jpg\"><img loading=\"lazy\" decoding=\"async\" width=\"601\" height=\"453\" src=\"https:\/\/grundschule-feucht.de\/wp-content\/uploads\/2021\/12\/01.jpg\" alt=\"\" data-id=\"1313\" data-full-url=\"https:\/\/grundschule-feucht.de\/wp-content\/uploads\/2021\/12\/01.jpg\" data-link=\"https:\/\/grundschule-feucht.de\/?attachment_id=1313\" class=\"wp-image-1313\" srcset=\"https:\/\/grundschule-feucht.de\/wp-content\/uploads\/2021\/12\/01.jpg 601w, https:\/\/grundschule-feucht.de\/wp-content\/uploads\/2021\/12\/01-300x226.jpg 300w\" sizes=\"auto, (max-width: 601px) 100vw, 601px\" \/><\/a><\/figure><\/li><li class=\"blocks-gallery-item\"><figure><a href=\"https:\/\/grundschule-feucht.de\/wp-content\/uploads\/2021\/12\/02.jpg\"><img loading=\"lazy\" decoding=\"async\" width=\"508\" height=\"338\" src=\"https:\/\/grundschule-feucht.de\/wp-content\/uploads\/2021\/12\/02.jpg\" alt=\"\" data-id=\"1314\" data-full-url=\"https:\/\/grundschule-feucht.de\/wp-content\/uploads\/2021\/12\/02.jpg\" data-link=\"https:\/\/grundschule-feucht.de\/?attachment_id=1314\" class=\"wp-image-1314\" srcset=\"https:\/\/grundschule-feucht.de\/wp-content\/uploads\/2021\/12\/02.jpg 508w, https:\/\/grundschule-feucht.de\/wp-content\/uploads\/2021\/12\/02-300x200.jpg 300w\" sizes=\"auto, (max-width: 508px) 100vw, 508px\" \/><\/a><\/figure><\/li><\/ul><\/figure>\n\n\n\n<p><br>Durch sensomotorische Wahrnehmung entwickeln die Kinder ein sogenanntes K\u00f6rperschema als Basis f\u00fcr ihre schulischen Leistungen.<br>Die Eigent\u00e4tigkeit der Kinder steht im Vordergrund, damit w\u00e4chst das Vertrauen in ihre eigenen F\u00e4higkeiten, was dazu beitr\u00e4gt ein positives Bild von sich aufzubauen.<\/p>\n\n\n\n<h2 class=\"wp-block-heading\">Die Leiterin unserer Lernwekstatt Motop\u00e4dagogik stellt sich hurz vor:<\/h2>\n\n\n\n<p><strong>Liebe Eltern und Erziehungsberechtigte,<\/strong><br>mein Name ist Krisztina Jeles-Liebl, seit 2017 bin ich als Heilp\u00e4dagogin an der Grundschule Feucht t\u00e4tig.<br>Auf Anfrage der Lehrkr\u00e4fte werden die Kinder in Form von Einzel- bzw. Kleingruppenf\u00f6rderung individuell von mir gef\u00f6rdert.<br>Die heilp\u00e4dagogische F\u00f6rderung erm\u00f6glicht eine ganzheitliche, ressourcenorientierte Unterst\u00fctzung der Kinder in ihrer Lernentwicklung, in ihrem emotionalen Erleben, sowie in ihrer psychosozialen Entwicklung.<br>Als Heilp\u00e4dagogin biete ich zus\u00e4tzlich psychomotorische F\u00f6rderung an. Sowohl in der motop\u00e4dagogischen Lernwerkstatt der Grundschule als auch in der Natur im Rahmen der Drau\u00dfenschule.<br>Ihr Kind erh\u00e4lt vielf\u00e4ltige Sinnesangebote, um seine F\u00e4higkeiten zu entdecken und zu erweitern.<\/p>\n","protected":false},"excerpt":{"rendered":"<p>Die Einheit seelischer und k\u00f6rperlicher Vorg\u00e4nge in der Bewegung, Wahrnehmungsf\u00f6rderung, F\u00f6rderung der Orientierungsf\u00e4higkeit und des Gleichgewichtssinns pr\u00e4gen die Psychomotorik. Die Kinder lernen verschiedene Materialien kennen, k\u00f6nnen diese erleben, erforschen und damit experimentieren. Die unterschiedlichen, phantasievollen Aufbauten haben einen hohen Aufforderungscharakter. Durch sensomotorische Wahrnehmung entwickeln die Kinder ein sogenanntes K\u00f6rperschema als Basis f\u00fcr ihre schulischen Leistungen.Die &hellip; <a href=\"https:\/\/grundschule-feucht.de\/?page_id=73\" class=\"more-link\"><span class=\"screen-reader-text\">Lernwerkstatt Motop\u00e4dagogik<\/span> weiterlesen<\/a><\/p>\n","protected":false},"author":4,"featured_media":0,"parent":0,"menu_order":0,"comment_status":"closed","ping_status":"closed","template":"","meta":{"footnotes":""},"class_list":["post-73","page","type-page","status-publish","hentry"],"_links":{"self":[{"href":"https:\/\/grundschule-feucht.de\/index.php?rest_route=\/wp\/v2\/pages\/73","targetHints":{"allow":["GET"]}}],"collection":[{"href":"https:\/\/grundschule-feucht.de\/index.php?rest_route=\/wp\/v2\/pages"}],"about":[{"href":"https:\/\/grundschule-feucht.de\/index.php?rest_route=\/wp\/v2\/types\/page"}],"author":[{"embeddable":true,"href":"https:\/\/grundschule-feucht.de\/index.php?rest_route=\/wp\/v2\/users\/4"}],"replies":[{"embeddable":true,"href":"https:\/\/grundschule-feucht.de\/index.php?rest_route=%2Fwp%2Fv2%2Fcomments&post=73"}],"version-history":[{"count":4,"href":"https:\/\/grundschule-feucht.de\/index.php?rest_route=\/wp\/v2\/pages\/73\/revisions"}],"predecessor-version":[{"id":1319,"href":"https:\/\/grundschule-feucht.de\/index.php?rest_route=\/wp\/v2\/pages\/73\/revisions\/1319"}],"wp:attachment":[{"href":"https:\/\/grundschule-feucht.de\/index.php?rest_route=%2Fwp%2Fv2%2Fmedia&parent=73"}],"curies":[{"name":"wp","href":"https:\/\/api.w.org\/{rel}","templated":true}]}}