{"id":88,"date":"2014-01-21T09:26:28","date_gmt":"2014-01-21T09:26:28","guid":{"rendered":"http:\/\/grundschule-feucht.de\/?page_id=88"},"modified":"2023-11-25T14:55:06","modified_gmt":"2023-11-25T14:55:06","slug":"krankmeldung","status":"publish","type":"page","link":"https:\/\/grundschule-feucht.de\/?page_id=88","title":{"rendered":"Krankmeldung"},"content":{"rendered":"<p>Bitte melden Sie Ihr Kind am ersten Krankheitstag bis sp\u00e4testens 7.45 Uhr\u00a0 krank. Bitte benutzen sie dazu das Edjufy-Portal.<\/p>\n<p>Ab dem dritten Krankheitstag braucht die Lehrkraft eine schriftliche Krankmeldung von Ihnen. Sollte sich die Erkrankung als langfristig herausstellen, so kann die Lehrkraft auch ein \u00e4rztliches Attest verlangen.<\/p>\n<p>Bitte haben Sie Verst\u00e4ndnis daf\u00fcr, dass bei unentschuldigtem Fehlen nach etwa 20 Minuten die Polizei eingeschaltet werden muss.\u00a0 Es kann leider nie ausgeschlossen werden, dass auch auf dem Schulweg etwas passiert ist!<\/p>\n<h4 style=\"text-align: center;\">Informieren Sie daher die Schule immer zuverl\u00e4ssig!<\/h4>\n\n\n<h4 class=\"wp-block-heading\"><a href=\"https:\/\/grundschule-feucht.de\/?page_id=745\">Informationen zur Edjufy-App<\/a><\/h4>\n","protected":false},"excerpt":{"rendered":"<p>Bitte melden Sie Ihr Kind am ersten Krankheitstag bis sp\u00e4testens 7.45 Uhr\u00a0 krank. Bitte benutzen sie dazu das Edjufy-Portal. Ab dem dritten Krankheitstag braucht die Lehrkraft eine schriftliche Krankmeldung von Ihnen. Sollte sich die Erkrankung als langfristig herausstellen, so kann die Lehrkraft auch ein \u00e4rztliches Attest verlangen. Bitte haben Sie Verst\u00e4ndnis daf\u00fcr, dass bei unentschuldigtem &hellip; <a href=\"https:\/\/grundschule-feucht.de\/?page_id=88\" class=\"more-link\"><span class=\"screen-reader-text\">Krankmeldung<\/span> weiterlesen<\/a><\/p>\n","protected":false},"author":4,"featured_media":0,"parent":0,"menu_order":0,"comment_status":"closed","ping_status":"closed","template":"","meta":{"footnotes":""},"class_list":["post-88","page","type-page","status-publish","hentry"],"_links":{"self":[{"href":"https:\/\/grundschule-feucht.de\/index.php?rest_route=\/wp\/v2\/pages\/88","targetHints":{"allow":["GET"]}}],"collection":[{"href":"https:\/\/grundschule-feucht.de\/index.php?rest_route=\/wp\/v2\/pages"}],"about":[{"href":"https:\/\/grundschule-feucht.de\/index.php?rest_route=\/wp\/v2\/types\/page"}],"author":[{"embeddable":true,"href":"https:\/\/grundschule-feucht.de\/index.php?rest_route=\/wp\/v2\/users\/4"}],"replies":[{"embeddable":true,"href":"https:\/\/grundschule-feucht.de\/index.php?rest_route=%2Fwp%2Fv2%2Fcomments&post=88"}],"version-history":[{"count":10,"href":"https:\/\/grundschule-feucht.de\/index.php?rest_route=\/wp\/v2\/pages\/88\/revisions"}],"predecessor-version":[{"id":1549,"href":"https:\/\/grundschule-feucht.de\/index.php?rest_route=\/wp\/v2\/pages\/88\/revisions\/1549"}],"wp:attachment":[{"href":"https:\/\/grundschule-feucht.de\/index.php?rest_route=%2Fwp%2Fv2%2Fmedia&parent=88"}],"curies":[{"name":"wp","href":"https:\/\/api.w.org\/{rel}","templated":true}]}}